{"id":8,"date":"2020-01-25T16:34:08","date_gmt":"2020-01-25T16:34:08","guid":{"rendered":"https:\/\/rocheforttransport.com\/?page_id=8"},"modified":"2026-02-17T15:47:10","modified_gmt":"2026-02-17T15:47:10","slug":"nous-joindre","status":"publish","type":"page","link":"https:\/\/rocheforttransport.com\/?page_id=8","title":{"rendered":"Nous joindre"},"content":{"rendered":"\n<div class=\"wp-block-media-text alignwide is-stacked-on-mobile\"><figure class=\"wp-block-media-text__media\"><img loading=\"lazy\" decoding=\"async\" width=\"1024\" height=\"576\" src=\"https:\/\/rocheforttransport.com\/wp-content\/uploads\/2020\/04\/rsz_dsc09299-1024x576.jpg\" alt=\"\" class=\"wp-image-85 size-full\" srcset=\"https:\/\/rocheforttransport.com\/wp-content\/uploads\/2020\/04\/rsz_dsc09299-1024x576.jpg 1024w, https:\/\/rocheforttransport.com\/wp-content\/uploads\/2020\/04\/rsz_dsc09299-300x169.jpg 300w, https:\/\/rocheforttransport.com\/wp-content\/uploads\/2020\/04\/rsz_dsc09299-768x432.jpg 768w, https:\/\/rocheforttransport.com\/wp-content\/uploads\/2020\/04\/rsz_dsc09299-1536x864.jpg 1536w, https:\/\/rocheforttransport.com\/wp-content\/uploads\/2020\/04\/rsz_dsc09299-2048x1152.jpg 2048w, https:\/\/rocheforttransport.com\/wp-content\/uploads\/2020\/04\/rsz_dsc09299-1200x675.jpg 1200w, https:\/\/rocheforttransport.com\/wp-content\/uploads\/2020\/04\/rsz_dsc09299-1980x1114.jpg 1980w\" sizes=\"auto, (max-width: 1024px) 100vw, 1024px\" \/><\/figure><div class=\"wp-block-media-text__content\">\n<p><strong>Courriel <\/strong>administration@RochefortTransport.com<\/p>\n\n\n\n<p><strong>T\u00e9l\u00e9phone<\/strong> 450 253 2610<br><strong>Sans frais <\/strong>1 866 352 2610<br><strong>T\u00e9l\u00e9copieur <\/strong>450 253 0289 <\/p>\n\n\n\n<p><strong>Bureau<\/strong><br>3025, Cartier<br>Saint-Hyacinthe\u00a0 QC<br>J2S 1L4<\/p>\n<\/div><\/div>\n\n\n\n<p><\/p>\n","protected":false},"excerpt":{"rendered":"<p>Courriel administration@RochefortTransport.com T\u00e9l\u00e9phone 450 253 2610Sans frais 1 866 352 2610T\u00e9l\u00e9copieur 450 253 0289 Bureau3025, CartierSaint-Hyacinthe\u00a0 QCJ2S 1L4<\/p>\n","protected":false},"author":1,"featured_media":0,"parent":0,"menu_order":0,"comment_status":"closed","ping_status":"closed","template":"","meta":{"footnotes":""},"class_list":["post-8","page","type-page","status-publish","hentry"],"_links":{"self":[{"href":"https:\/\/rocheforttransport.com\/index.php?rest_route=\/wp\/v2\/pages\/8","targetHints":{"allow":["GET"]}}],"collection":[{"href":"https:\/\/rocheforttransport.com\/index.php?rest_route=\/wp\/v2\/pages"}],"about":[{"href":"https:\/\/rocheforttransport.com\/index.php?rest_route=\/wp\/v2\/types\/page"}],"author":[{"embeddable":true,"href":"https:\/\/rocheforttransport.com\/index.php?rest_route=\/wp\/v2\/users\/1"}],"replies":[{"embeddable":true,"href":"https:\/\/rocheforttransport.com\/index.php?rest_route=%2Fwp%2Fv2%2Fcomments&post=8"}],"version-history":[{"count":6,"href":"https:\/\/rocheforttransport.com\/index.php?rest_route=\/wp\/v2\/pages\/8\/revisions"}],"predecessor-version":[{"id":255,"href":"https:\/\/rocheforttransport.com\/index.php?rest_route=\/wp\/v2\/pages\/8\/revisions\/255"}],"wp:attachment":[{"href":"https:\/\/rocheforttransport.com\/index.php?rest_route=%2Fwp%2Fv2%2Fmedia&parent=8"}],"curies":[{"name":"wp","href":"https:\/\/api.w.org\/{rel}","templated":true}]}}