{"id":60,"date":"2020-04-22T15:08:54","date_gmt":"2020-04-22T15:08:54","guid":{"rendered":"https:\/\/rocheforttransport.com\/?page_id=60"},"modified":"2026-02-17T15:44:52","modified_gmt":"2026-02-17T15:44:52","slug":"surcharge-de-carburant","status":"publish","type":"page","link":"https:\/\/rocheforttransport.com\/?page_id=60","title":{"rendered":"Surcharge de carburant"},"content":{"rendered":"\n<h4 class=\"wp-block-heading has-text-align-center has-text-color\" style=\"color:#38468d\"> Taux quotidien en vigueur <\/h4>\n\n\n\n<figure class=\"wp-block-table\"><table><tbody><tr><td><strong>Semaine d\u00e9butant le<\/strong><\/td><td><strong>LTL (%)<\/strong><\/td><td><strong>TL (%) <\/strong><\/td><td><strong>HTL (%)<\/strong><\/td><\/tr><tr><td>16 f\u00e9vrier 2026<\/td><td>25,00<\/td><td>58,70<\/td><td>65,80<\/td><\/tr><tr><td>9 f\u00e9vrier 2026<\/td><td>24,70<\/td><td>58,10<\/td><td>65,10<\/td><\/tr><tr><td>2 f\u00e9vrier 2026<\/td><td>23,30<\/td><td>54,80<\/td><td>61,40<\/td><\/tr><tr><td>26 janvier 2026<\/td><td>21,80<\/td><td>51,40<\/td><td>57,60<\/td><\/tr><tr><td>19 janvier 2026<\/td><td>20,90<\/td><td>49,20<\/td><td>55,20<\/td><\/tr><tr><td>12 janvier 2026<\/td><td>20,80<\/td><td>48,80<\/td><td>54,70<\/td><\/tr><tr><td>5 janvier 2026<\/td><td>20,90<\/td><td>49,10<\/td><td>55,10<\/td><\/tr><tr><td>29 d\u00e9cembre 2025<\/td><td>21,30<\/td><td>50,00<\/td><td>56,00<\/td><\/tr><tr><td>22 d\u00e9cembre 2025<\/td><td>22,40<\/td><td>52,80<\/td><td>59,10<\/td><\/tr><tr><td>15 d\u00e9cembre 2025<\/td><td>23,20<\/td><td>54,60<\/td><td>61,20<\/td><\/tr><tr><td>8 d\u00e9cembre 2025<\/td><td>23,20<\/td><td>54,60<\/td><td>61,20<\/td><\/tr><\/tbody><\/table><\/figure>\n\n\n\n<p><\/p>\n\n\n\n<p><\/p>\n","protected":false},"excerpt":{"rendered":"<p>Taux quotidien en vigueur Semaine d\u00e9butant le LTL (%) TL (%) HTL (%) 16 f\u00e9vrier 2026 25,00 58,70 65,80 9 f\u00e9vrier 2026 24,70 58,10 65,10 2 f\u00e9vrier 2026 23,30 54,80 61,40 26 janvier 2026 21,80 51,40 57,60 19 janvier 2026 20,90 49,20 55,20 12 janvier 2026 20,80 48,80 54,70 5 janvier 2026 20,90 49,10 55,10 [&hellip;]<\/p>\n","protected":false},"author":1,"featured_media":0,"parent":0,"menu_order":0,"comment_status":"closed","ping_status":"closed","template":"","meta":{"footnotes":""},"class_list":["post-60","page","type-page","status-publish","hentry"],"_links":{"self":[{"href":"https:\/\/rocheforttransport.com\/index.php?rest_route=\/wp\/v2\/pages\/60","targetHints":{"allow":["GET"]}}],"collection":[{"href":"https:\/\/rocheforttransport.com\/index.php?rest_route=\/wp\/v2\/pages"}],"about":[{"href":"https:\/\/rocheforttransport.com\/index.php?rest_route=\/wp\/v2\/types\/page"}],"author":[{"embeddable":true,"href":"https:\/\/rocheforttransport.com\/index.php?rest_route=\/wp\/v2\/users\/1"}],"replies":[{"embeddable":true,"href":"https:\/\/rocheforttransport.com\/index.php?rest_route=%2Fwp%2Fv2%2Fcomments&post=60"}],"version-history":[{"count":72,"href":"https:\/\/rocheforttransport.com\/index.php?rest_route=\/wp\/v2\/pages\/60\/revisions"}],"predecessor-version":[{"id":254,"href":"https:\/\/rocheforttransport.com\/index.php?rest_route=\/wp\/v2\/pages\/60\/revisions\/254"}],"wp:attachment":[{"href":"https:\/\/rocheforttransport.com\/index.php?rest_route=%2Fwp%2Fv2%2Fmedia&parent=60"}],"curies":[{"name":"wp","href":"https:\/\/api.w.org\/{rel}","templated":true}]}}